{"id":55,"date":"2025-02-09T07:45:35","date_gmt":"2025-02-09T04:45:35","guid":{"rendered":"https:\/\/kumarbagimliligi.net\/?page_id=55"},"modified":"2025-03-08T19:48:16","modified_gmt":"2025-03-08T16:48:16","slug":"55-2","status":"publish","type":"page","link":"https:\/\/kumarbagimliligi.net\/","title":{"rendered":"Kumar Ba\u011f\u0131ml\u0131l\u0131\u011f\u0131 Nedir..?"},"content":{"rendered":"\n<div class=\"wp-block-media-text alignwide has-media-on-the-right is-stacked-on-mobile is-vertically-aligned-center has-background\" style=\"background-color:#f1f5c7;grid-template-columns:auto 27%\"><div class=\"wp-block-media-text__content\">\n<div class=\"wp-block-columns is-layout-flex wp-container-core-columns-is-layout-9d6595d7 wp-block-columns-is-layout-flex\">\n<div class=\"wp-block-column is-layout-flow wp-block-column-is-layout-flow\" style=\"flex-basis:100%\">\n<p style=\"font-size:36px;line-height:1.2\"><strong>KUMAR..!<\/strong><\/p>\n<\/div>\n<\/div>\n\n\n\n<p><strong>D\u00fcnya Sa\u011fl\u0131k \u00d6rg\u00fct\u00fcn\u00fcn yay\u0131mlad\u0131\u011f\u0131 Uluslararas\u0131 Hastal\u0131k S\u0131n\u0131fland\u0131rmas\u0131 El Kitab\u0131\u2019nda (ICD-11) kumar oynama bozuklu\u011fu, davran\u0131\u015fsal ba\u011f\u0131ml\u0131l\u0131klar aras\u0131nda yer almakta ve \u015fu \u00f6zelliklerle tan\u0131mlanmaktad\u0131r: \u2013 Kumar oynama \u00fczerinde kontrol\u00fcn sa\u011flanamamas\u0131 (ba\u015flama, s\u0131kl\u0131k, yo\u011funluk, s\u00fcre, sonland\u0131rma ve ba\u011flam a\u00e7\u0131s\u0131ndan). \u2013 Kumar oynamaya ya\u015famdaki di\u011fer ilgi alanlar\u0131na ya da g\u00fcnl\u00fck faaliyetlere g\u00f6re \u00f6ncelik verme. \u2013 Ortaya olumsuz sonu\u00e7lar \u00e7\u0131kmas\u0131na ra\u011fmen kumar oynamaya devam etme ya da daha fazla oynama.<\/strong><\/p>\n<\/div><figure class=\"wp-block-media-text__media\"><img loading=\"lazy\" decoding=\"async\" width=\"938\" height=\"1024\" src=\"https:\/\/kumarbagimliligi.net\/wp-content\/uploads\/2025\/02\/photo_2025-01-04_18-49-44-938x1024.jpg\" alt=\"\" class=\"wp-image-97 size-full\" srcset=\"https:\/\/kumarbagimliligi.net\/wp-content\/uploads\/2025\/02\/photo_2025-01-04_18-49-44-938x1024.jpg 938w, https:\/\/kumarbagimliligi.net\/wp-content\/uploads\/2025\/02\/photo_2025-01-04_18-49-44-275x300.jpg 275w, https:\/\/kumarbagimliligi.net\/wp-content\/uploads\/2025\/02\/photo_2025-01-04_18-49-44-768x838.jpg 768w, https:\/\/kumarbagimliligi.net\/wp-content\/uploads\/2025\/02\/photo_2025-01-04_18-49-44-370x404.jpg 370w, https:\/\/kumarbagimliligi.net\/wp-content\/uploads\/2025\/02\/photo_2025-01-04_18-49-44-760x829.jpg 760w, https:\/\/kumarbagimliligi.net\/wp-content\/uploads\/2025\/02\/photo_2025-01-04_18-49-44.jpg 1173w\" sizes=\"auto, (max-width: 938px) 100vw, 938px\" \/><\/figure><\/div>\n\n\n\n<p><strong>Kumar oynamaya y\u00f6nelik davran\u0131\u015f \u00f6r\u00fcnt\u00fcleri s\u00fcrekli veya d\u00f6nemsel olabilse de genellikle tekrarlay\u0131c\u0131d\u0131r. Ki\u015fide kumar oynama bozuklu\u011fu oldu\u011funu s\u00f6yleyebilmek i\u00e7in yukar\u0131da bahsi ge\u00e7en \u00fc\u00e7 \u00f6zelli\u011fin en az 12 ayl\u0131k s\u00fcre boyunca belirgin bir \u015fekilde g\u00f6zlenmesi gerekmektedir. Ancak bu \u00f6zelliklerin her biri mevcutsa ve belirtiler \u015fiddetliyse, s\u00fcre k\u0131sa da olsa bu tan\u0131 konabilmektedir. Son y\u0131llarda internetin artan kullan\u0131m\u0131yla birlikte kumar oynama bozuklu\u011fu, \u00e7evrim i\u00e7i kumar oynama davran\u0131\u015flar\u0131na ba\u011fl\u0131 olarak da ortaya \u00e7\u0131kabilmektedir.<\/strong><\/p>\n\n\n\n<p class=\"has-text-align-left has-small-font-size\" style=\"line-height:1.6\"><strong><em>DSM-5 Tan\u0131 \u00d6l\u00e7\u00fctleri Ba\u015fvuru El Kitab\u0131<\/em>\u2019nda kumar oynama bozuklu\u011fu \u015fu \u015fekilde tan\u0131mlanmaktad\u0131r: On iki ayl\u0131k bir s\u00fcre i\u00e7inde, a\u015fa\u011f\u0131dakilerden en az d\u00f6rd\u00fc (ya da daha \u00e7o\u011fu) ile kendini g\u00f6steren, klinik a\u00e7\u0131dan belirgin bir s\u0131k\u0131nt\u0131ya ya da i\u015flevsellikte d\u00fc\u015fmeye yol a\u00e7an, s\u00fcrekli ve yineleyici, sorunlu bir kumar oynama davran\u0131\u015f\u0131:&nbsp;<\/strong><\/p>\n\n\n\n<div class=\"wp-block-media-text alignwide is-stacked-on-mobile is-vertically-aligned-center has-background\" style=\"background-color:#f1f5c7;grid-template-columns:34% auto\"><figure class=\"wp-block-media-text__media\"><img loading=\"lazy\" decoding=\"async\" width=\"1024\" height=\"1024\" src=\"https:\/\/kumarbagimliligi.net\/wp-content\/uploads\/2025\/02\/a-cinematic-shot-of-a-man-with-a-beard-a_Y5MQOiSsReOJR9aHhwREoQ_69N0-wo2T7us_tqnUxQ_mg.jpeg\" alt=\"\" class=\"wp-image-151 size-full\" srcset=\"https:\/\/kumarbagimliligi.net\/wp-content\/uploads\/2025\/02\/a-cinematic-shot-of-a-man-with-a-beard-a_Y5MQOiSsReOJR9aHhwREoQ_69N0-wo2T7us_tqnUxQ_mg.jpeg 1024w, https:\/\/kumarbagimliligi.net\/wp-content\/uploads\/2025\/02\/a-cinematic-shot-of-a-man-with-a-beard-a_Y5MQOiSsReOJR9aHhwREoQ_69N0-wo2T7us_tqnUxQ_mg-300x300.jpeg 300w, https:\/\/kumarbagimliligi.net\/wp-content\/uploads\/2025\/02\/a-cinematic-shot-of-a-man-with-a-beard-a_Y5MQOiSsReOJR9aHhwREoQ_69N0-wo2T7us_tqnUxQ_mg-150x150.jpeg 150w, https:\/\/kumarbagimliligi.net\/wp-content\/uploads\/2025\/02\/a-cinematic-shot-of-a-man-with-a-beard-a_Y5MQOiSsReOJR9aHhwREoQ_69N0-wo2T7us_tqnUxQ_mg-768x768.jpeg 768w, https:\/\/kumarbagimliligi.net\/wp-content\/uploads\/2025\/02\/a-cinematic-shot-of-a-man-with-a-beard-a_Y5MQOiSsReOJR9aHhwREoQ_69N0-wo2T7us_tqnUxQ_mg-370x370.jpeg 370w, https:\/\/kumarbagimliligi.net\/wp-content\/uploads\/2025\/02\/a-cinematic-shot-of-a-man-with-a-beard-a_Y5MQOiSsReOJR9aHhwREoQ_69N0-wo2T7us_tqnUxQ_mg-90x90.jpeg 90w, https:\/\/kumarbagimliligi.net\/wp-content\/uploads\/2025\/02\/a-cinematic-shot-of-a-man-with-a-beard-a_Y5MQOiSsReOJR9aHhwREoQ_69N0-wo2T7us_tqnUxQ_mg-760x760.jpeg 760w\" sizes=\"auto, (max-width: 1024px) 100vw, 1024px\" \/><\/figure><div class=\"wp-block-media-text__content\">\n<p style=\"font-size:36px;line-height:1.2\"><strong>Kazanma Evresi<\/strong><\/p>\n\n\n\n<p><strong>Bu evrede ki\u015fi<mark style=\"background-color:rgba(0, 0, 0, 0)\" class=\"has-inline-color has-vivid-red-color\"> <\/mark>kazand\u0131k\u00e7a kendine g\u00fcveni artar ve daha fazla oynamaya motive olur. \u015eans\u0131na fazla g\u00fcvenmeye ba\u015flar ve giderek daha b\u00fcy\u00fck riskler al\u0131r.<\/strong><\/p>\n\n\n\n<p><strong>Kumar al\u0131\u015fkanl\u0131\u011f\u0131na tolerans geli\u015fir, yani ayn\u0131 heyecan\u0131 ya\u015famak i\u00e7in daha s\u0131k ve y\u00fcksek miktarlarda bahis yapar. Bu s\u00fcre\u00e7te sosyal ili\u015fkiler zay\u0131flar, ki\u015fi ailesinden ve i\u015f hayat\u0131ndan uzakla\u015fabilir.<\/strong><\/p>\n\n\n\n<p><strong>Bu a\u015fama ba\u011f\u0131ml\u0131l\u0131\u011fa giden ilk ad\u0131md\u0131r. Erken fark\u0131ndal\u0131k, ba\u011f\u0131ml\u0131l\u0131ktan korunmada kritik bir rol oynar.<\/strong><\/p>\n<\/div><\/div>\n\n\n\n<div class=\"wp-block-media-text alignwide has-media-on-the-right is-stacked-on-mobile is-vertically-aligned-center has-background\" style=\"background-color:#fffdea;grid-template-columns:auto 32%\"><div class=\"wp-block-media-text__content\">\n<div class=\"wp-block-group\" style=\"padding-top:2em;padding-right:2em;padding-bottom:2em;padding-left:2em\"><div class=\"wp-block-group__inner-container is-layout-flow wp-block-group-is-layout-flow\">\n<p style=\"font-size:36px;line-height:1.2\"><strong>Kaybetme Evresi<\/strong><\/p>\n\n\n\n<p class=\"has-extra-small-font-size\"><strong>Bu evre b\u00fcy\u00fck bir kay\u0131pla ba\u015flar ve ki\u015fi kaybettiklerini geri kazanma umuduyla daha fazla oynar. Bankalara veya \u00e7evresine bor\u00e7lan\u0131r, bazen yasa d\u0131\u015f\u0131 yollara ba\u015fvurur. Bor\u00e7lar\u0131n\u0131 kapatmak i\u00e7in yeni bor\u00e7lar al\u0131r, bu da mali ve psikolojik \u00e7\u00f6k\u00fc\u015fe yol a\u00e7abilir. Bu a\u015famada fark\u0131ndal\u0131k kazanmak ve profesyonel destek almak ba\u011f\u0131ml\u0131l\u0131ktan kurtulmada kritik \u00f6neme sahiptir.<\/strong><\/p>\n<\/div><\/div>\n<\/div><figure class=\"wp-block-media-text__media\"><img loading=\"lazy\" decoding=\"async\" width=\"1024\" height=\"1024\" src=\"https:\/\/kumarbagimliligi.net\/wp-content\/uploads\/2025\/02\/a-cinematic-medium-shot-of-a-man-sitting_OGeaMu3WQDy3dUO-PvQCuQ_RJF877B_QKO2wHGbMzbMug.jpeg\" alt=\"\" class=\"wp-image-153 size-full\" srcset=\"https:\/\/kumarbagimliligi.net\/wp-content\/uploads\/2025\/02\/a-cinematic-medium-shot-of-a-man-sitting_OGeaMu3WQDy3dUO-PvQCuQ_RJF877B_QKO2wHGbMzbMug.jpeg 1024w, https:\/\/kumarbagimliligi.net\/wp-content\/uploads\/2025\/02\/a-cinematic-medium-shot-of-a-man-sitting_OGeaMu3WQDy3dUO-PvQCuQ_RJF877B_QKO2wHGbMzbMug-300x300.jpeg 300w, https:\/\/kumarbagimliligi.net\/wp-content\/uploads\/2025\/02\/a-cinematic-medium-shot-of-a-man-sitting_OGeaMu3WQDy3dUO-PvQCuQ_RJF877B_QKO2wHGbMzbMug-150x150.jpeg 150w, https:\/\/kumarbagimliligi.net\/wp-content\/uploads\/2025\/02\/a-cinematic-medium-shot-of-a-man-sitting_OGeaMu3WQDy3dUO-PvQCuQ_RJF877B_QKO2wHGbMzbMug-768x768.jpeg 768w, https:\/\/kumarbagimliligi.net\/wp-content\/uploads\/2025\/02\/a-cinematic-medium-shot-of-a-man-sitting_OGeaMu3WQDy3dUO-PvQCuQ_RJF877B_QKO2wHGbMzbMug-370x370.jpeg 370w, https:\/\/kumarbagimliligi.net\/wp-content\/uploads\/2025\/02\/a-cinematic-medium-shot-of-a-man-sitting_OGeaMu3WQDy3dUO-PvQCuQ_RJF877B_QKO2wHGbMzbMug-90x90.jpeg 90w, https:\/\/kumarbagimliligi.net\/wp-content\/uploads\/2025\/02\/a-cinematic-medium-shot-of-a-man-sitting_OGeaMu3WQDy3dUO-PvQCuQ_RJF877B_QKO2wHGbMzbMug-760x760.jpeg 760w\" sizes=\"auto, (max-width: 1024px) 100vw, 1024px\" \/><\/figure><\/div>\n\n\n\n<div class=\"wp-block-media-text alignwide is-stacked-on-mobile is-vertically-aligned-center has-background\" style=\"background-color:#f1f5c7;grid-template-columns:32% auto\"><figure class=\"wp-block-media-text__media\"><img loading=\"lazy\" decoding=\"async\" width=\"1024\" height=\"1024\" src=\"https:\/\/kumarbagimliligi.net\/wp-content\/uploads\/2025\/02\/a-photo-of-a-man-with-a-gaunt-face-sitti_jSIzdE8wR_-I_D8_FTpyyA_eejL62dQRgqrNoUBRhFmKQ.jpeg\" alt=\"\" class=\"wp-image-156 size-full\" srcset=\"https:\/\/kumarbagimliligi.net\/wp-content\/uploads\/2025\/02\/a-photo-of-a-man-with-a-gaunt-face-sitti_jSIzdE8wR_-I_D8_FTpyyA_eejL62dQRgqrNoUBRhFmKQ.jpeg 1024w, https:\/\/kumarbagimliligi.net\/wp-content\/uploads\/2025\/02\/a-photo-of-a-man-with-a-gaunt-face-sitti_jSIzdE8wR_-I_D8_FTpyyA_eejL62dQRgqrNoUBRhFmKQ-300x300.jpeg 300w, https:\/\/kumarbagimliligi.net\/wp-content\/uploads\/2025\/02\/a-photo-of-a-man-with-a-gaunt-face-sitti_jSIzdE8wR_-I_D8_FTpyyA_eejL62dQRgqrNoUBRhFmKQ-150x150.jpeg 150w, https:\/\/kumarbagimliligi.net\/wp-content\/uploads\/2025\/02\/a-photo-of-a-man-with-a-gaunt-face-sitti_jSIzdE8wR_-I_D8_FTpyyA_eejL62dQRgqrNoUBRhFmKQ-768x768.jpeg 768w, https:\/\/kumarbagimliligi.net\/wp-content\/uploads\/2025\/02\/a-photo-of-a-man-with-a-gaunt-face-sitti_jSIzdE8wR_-I_D8_FTpyyA_eejL62dQRgqrNoUBRhFmKQ-370x370.jpeg 370w, https:\/\/kumarbagimliligi.net\/wp-content\/uploads\/2025\/02\/a-photo-of-a-man-with-a-gaunt-face-sitti_jSIzdE8wR_-I_D8_FTpyyA_eejL62dQRgqrNoUBRhFmKQ-90x90.jpeg 90w, https:\/\/kumarbagimliligi.net\/wp-content\/uploads\/2025\/02\/a-photo-of-a-man-with-a-gaunt-face-sitti_jSIzdE8wR_-I_D8_FTpyyA_eejL62dQRgqrNoUBRhFmKQ-760x760.jpeg 760w\" sizes=\"auto, (max-width: 1024px) 100vw, 1024px\" \/><\/figure><div class=\"wp-block-media-text__content\">\n<div class=\"wp-block-group\" style=\"padding-top:2em;padding-right:2em;padding-bottom:2em;padding-left:2em\"><div class=\"wp-block-group__inner-container is-layout-flow wp-block-group-is-layout-flow\">\n<p style=\"font-size:36px;line-height:1.2\"><strong>T\u00fckenme Evresi<\/strong><\/p>\n\n\n\n<p class=\"has-extra-small-font-size\"><strong>Bu a\u015famada ki\u015fi maddi ve duygusal olarak \u00e7\u00f6k\u00fc\u015f ya\u015far. Depresyon, kayg\u0131 ve umutsuzluk derinle\u015fir. Hayattan zevk alamaz, intihar d\u00fc\u015f\u00fcnceleri s\u0131kla\u015fabilir. \u00c7evresiyle ba\u011f\u0131 kopar ve yaln\u0131zl\u0131k hissi artar. Bu noktada profesyonel destek almak hayati \u00f6nem ta\u015f\u0131r. Tedavi ve sosyal destekle bu s\u00fcre\u00e7 a\u015f\u0131labilir, umut yeniden kazan\u0131labilir.<\/strong><\/p>\n<\/div><\/div>\n<\/div><\/div>\n\n\n\n<div class=\"wp-block-media-text alignwide has-media-on-the-right is-stacked-on-mobile is-vertically-aligned-center has-background\" style=\"background-color:#fffdea;grid-template-columns:auto 33%\"><div class=\"wp-block-media-text__content\">\n<div class=\"wp-block-group\" style=\"padding-top:2em;padding-right:2em;padding-bottom:2em;padding-left:2em\"><div class=\"wp-block-group__inner-container is-layout-flow wp-block-group-is-layout-flow\">\n<p style=\"font-size:36px;line-height:1.2\"><strong>Vazge\u00e7me Evresi: Kumar Ba\u011f\u0131ml\u0131l\u0131\u011f\u0131nda Son A\u015fama<\/strong><\/p>\n\n\n\n<p class=\"has-extra-small-font-size\"><strong>Ki\u015fi art\u0131k b\u00fcy\u00fck kay\u0131plar ya\u015fam\u0131\u015ft\u0131r ve finansal, sosyal, duygusal a\u00e7\u0131dan ciddi s\u0131k\u0131nt\u0131lar i\u00e7indedir. Kumar oynama iste\u011fi devam eder ancak art\u0131k kazan\u00e7 beklentisiyle de\u011fil, al\u0131\u015fkanl\u0131k ve kay\u0131ts\u0131zl\u0131k nedeniyle oynan\u0131r. Ki\u015fi bu noktada \u00e7o\u011fu zaman depresyon, kayg\u0131 bozuklu\u011fu ve \u00e7aresizlik hissi ya\u015far. Kumar oynama s\u00fcreci kontrols\u00fcz ve geli\u015fig\u00fczel hale gelir; planl\u0131 bir strateji ya da belirli bir hedef olmadan devam eder. Bu evrede m\u00fcdahale edilmesi ve profesyonel destek al\u0131nmas\u0131 b\u00fcy\u00fck \u00f6nem ta\u015f\u0131r. Psikoterapi, destek gruplar\u0131 ve ba\u011f\u0131ml\u0131l\u0131k tedavi programlar\u0131, ki\u015finin bu d\u00f6ng\u00fcden \u00e7\u0131kmas\u0131na yard\u0131mc\u0131 olabilir. Ba\u011f\u0131ml\u0131l\u0131ktan kurtulmak m\u00fcmk\u00fcnd\u00fcr ve bu s\u00fcreci y\u00f6netebilmek i\u00e7in destek almak, sa\u011fl\u0131kl\u0131 ba\u015fa \u00e7\u0131kma mekanizmalar\u0131 geli\u015ftirmek ve alternatif u\u011fra\u015flara y\u00f6nelmek hayati \u00f6nem ta\u015f\u0131r.<\/strong><\/p>\n<\/div><\/div>\n<\/div><figure class=\"wp-block-media-text__media\"><img loading=\"lazy\" decoding=\"async\" width=\"1024\" height=\"1024\" src=\"https:\/\/kumarbagimliligi.net\/wp-content\/uploads\/2025\/02\/a-photo-of-a-man-sitting-alone-on-a-park_29iYmc8yRKGHPJjaVgBWUQ_cP_OchEuTDmjtkimwovY6w.jpeg\" alt=\"\" class=\"wp-image-161 size-full\" srcset=\"https:\/\/kumarbagimliligi.net\/wp-content\/uploads\/2025\/02\/a-photo-of-a-man-sitting-alone-on-a-park_29iYmc8yRKGHPJjaVgBWUQ_cP_OchEuTDmjtkimwovY6w.jpeg 1024w, https:\/\/kumarbagimliligi.net\/wp-content\/uploads\/2025\/02\/a-photo-of-a-man-sitting-alone-on-a-park_29iYmc8yRKGHPJjaVgBWUQ_cP_OchEuTDmjtkimwovY6w-300x300.jpeg 300w, https:\/\/kumarbagimliligi.net\/wp-content\/uploads\/2025\/02\/a-photo-of-a-man-sitting-alone-on-a-park_29iYmc8yRKGHPJjaVgBWUQ_cP_OchEuTDmjtkimwovY6w-150x150.jpeg 150w, https:\/\/kumarbagimliligi.net\/wp-content\/uploads\/2025\/02\/a-photo-of-a-man-sitting-alone-on-a-park_29iYmc8yRKGHPJjaVgBWUQ_cP_OchEuTDmjtkimwovY6w-768x768.jpeg 768w, https:\/\/kumarbagimliligi.net\/wp-content\/uploads\/2025\/02\/a-photo-of-a-man-sitting-alone-on-a-park_29iYmc8yRKGHPJjaVgBWUQ_cP_OchEuTDmjtkimwovY6w-370x370.jpeg 370w, https:\/\/kumarbagimliligi.net\/wp-content\/uploads\/2025\/02\/a-photo-of-a-man-sitting-alone-on-a-park_29iYmc8yRKGHPJjaVgBWUQ_cP_OchEuTDmjtkimwovY6w-90x90.jpeg 90w, https:\/\/kumarbagimliligi.net\/wp-content\/uploads\/2025\/02\/a-photo-of-a-man-sitting-alone-on-a-park_29iYmc8yRKGHPJjaVgBWUQ_cP_OchEuTDmjtkimwovY6w-760x760.jpeg 760w\" sizes=\"auto, (max-width: 1024px) 100vw, 1024px\" \/><\/figure><\/div>\n\n\n\n<div style=\"height:100px\" aria-hidden=\"true\" class=\"wp-block-spacer\"><\/div>\n","protected":false},"excerpt":{"rendered":"<p>Kumar oynamaya y\u00f6nelik davran\u0131\u015f \u00f6r\u00fcnt\u00fcleri s\u00fcrekli veya d\u00f6nemsel olabilse de genellikle tekrarlay\u0131c\u0131d\u0131r. Ki\u015fide kumar oynama bozuklu\u011fu oldu\u011funu s\u00f6yleyebilmek i\u00e7in yukar\u0131da bahsi ge\u00e7en \u00fc\u00e7 \u00f6zelli\u011fin en az 12 ayl\u0131k s\u00fcre boyunca belirgin bir \u015fekilde g\u00f6zlenmesi gerekmektedir. Ancak bu \u00f6zelliklerin her biri mevcutsa ve belirtiler \u015fiddetliyse, s\u00fcre k\u0131sa da olsa bu tan\u0131 konabilmektedir. Son y\u0131llarda internetin artan kullan\u0131m\u0131yla birlikte kumar oynama bozuklu\u011fu,&hellip;<\/p>\n","protected":false},"author":1,"featured_media":0,"parent":0,"menu_order":0,"comment_status":"closed","ping_status":"closed","template":"","meta":{"footnotes":""},"class_list":["post-55","page","type-page","status-publish","hentry"],"_links":{"self":[{"href":"https:\/\/kumarbagimliligi.net\/index.php\/wp-json\/wp\/v2\/pages\/55","targetHints":{"allow":["GET"]}}],"collection":[{"href":"https:\/\/kumarbagimliligi.net\/index.php\/wp-json\/wp\/v2\/pages"}],"about":[{"href":"https:\/\/kumarbagimliligi.net\/index.php\/wp-json\/wp\/v2\/types\/page"}],"author":[{"embeddable":true,"href":"https:\/\/kumarbagimliligi.net\/index.php\/wp-json\/wp\/v2\/users\/1"}],"replies":[{"embeddable":true,"href":"https:\/\/kumarbagimliligi.net\/index.php\/wp-json\/wp\/v2\/comments?post=55"}],"version-history":[{"count":61,"href":"https:\/\/kumarbagimliligi.net\/index.php\/wp-json\/wp\/v2\/pages\/55\/revisions"}],"predecessor-version":[{"id":346,"href":"https:\/\/kumarbagimliligi.net\/index.php\/wp-json\/wp\/v2\/pages\/55\/revisions\/346"}],"wp:attachment":[{"href":"https:\/\/kumarbagimliligi.net\/index.php\/wp-json\/wp\/v2\/media?parent=55"}],"curies":[{"name":"wp","href":"https:\/\/api.w.org\/{rel}","templated":true}]}}