{"id":278,"date":"2025-02-11T17:45:43","date_gmt":"2025-02-11T14:45:43","guid":{"rendered":"https:\/\/kumarbagimliligi.net\/?page_id=278"},"modified":"2025-02-16T21:37:13","modified_gmt":"2025-02-16T18:37:13","slug":"destek-videolarimiz","status":"publish","type":"page","link":"https:\/\/kumarbagimliligi.net\/index.php\/destek-videolarimiz\/","title":{"rendered":"Ger\u00e7ek Hikayeler"},"content":{"rendered":"\n<div class=\"wp-block-cover alignfull has-custom-content-position is-position-top-center\" style=\"padding-top:4vw;padding-right:4vw;padding-bottom:4vw;padding-left:4vw;min-height:2075px;aspect-ratio:unset;\"><span aria-hidden=\"true\" class=\"wp-block-cover__background has-black-background-color has-background-dim-100 has-background-dim\"><\/span><div class=\"wp-block-cover__inner-container is-layout-flow wp-block-cover-is-layout-flow\">\n<div class=\"wp-block-columns is-layout-flex wp-container-core-columns-is-layout-9d6595d7 wp-block-columns-is-layout-flex\">\n<div class=\"wp-block-column is-layout-flow wp-block-column-is-layout-flow\" style=\"flex-basis:100%\">\n<div class=\"wp-block-columns is-layout-flex wp-container-core-columns-is-layout-9d6595d7 wp-block-columns-is-layout-flex\">\n<div class=\"wp-block-column is-layout-flow wp-block-column-is-layout-flow\">\n<figure class=\"wp-block-gallery has-nested-images columns-default is-cropped wp-block-gallery-1 is-layout-flex wp-block-gallery-is-layout-flex\">\n<figure class=\"wp-block-image size-large\"><img loading=\"lazy\" decoding=\"async\" width=\"756\" height=\"1024\" data-id=\"340\" src=\"https:\/\/kumarbagimliligi.net\/wp-content\/uploads\/2025\/02\/photo_2025-02-16_18-19-46-1-756x1024.jpg\" alt=\"\" class=\"wp-image-340\" srcset=\"https:\/\/kumarbagimliligi.net\/wp-content\/uploads\/2025\/02\/photo_2025-02-16_18-19-46-1-756x1024.jpg 756w, https:\/\/kumarbagimliligi.net\/wp-content\/uploads\/2025\/02\/photo_2025-02-16_18-19-46-1-221x300.jpg 221w, https:\/\/kumarbagimliligi.net\/wp-content\/uploads\/2025\/02\/photo_2025-02-16_18-19-46-1-768x1040.jpg 768w, https:\/\/kumarbagimliligi.net\/wp-content\/uploads\/2025\/02\/photo_2025-02-16_18-19-46-1-370x501.jpg 370w, https:\/\/kumarbagimliligi.net\/wp-content\/uploads\/2025\/02\/photo_2025-02-16_18-19-46-1-760x1029.jpg 760w, https:\/\/kumarbagimliligi.net\/wp-content\/uploads\/2025\/02\/photo_2025-02-16_18-19-46-1.jpg 945w\" sizes=\"auto, (max-width: 756px) 100vw, 756px\" \/><\/figure>\n<\/figure>\n<\/div>\n\n\n\n<div class=\"wp-block-column is-layout-flow wp-block-column-is-layout-flow\">\n<figure class=\"wp-block-gallery has-nested-images columns-default is-cropped wp-block-gallery-2 is-layout-flex wp-block-gallery-is-layout-flex\">\n<figure class=\"wp-block-image size-large\"><img loading=\"lazy\" decoding=\"async\" width=\"638\" height=\"1024\" data-id=\"314\" src=\"https:\/\/kumarbagimliligi.net\/wp-content\/uploads\/2025\/02\/photo_2025-02-16_18-19-36-638x1024.jpg\" alt=\"\" class=\"wp-image-314\" srcset=\"https:\/\/kumarbagimliligi.net\/wp-content\/uploads\/2025\/02\/photo_2025-02-16_18-19-36-638x1024.jpg 638w, https:\/\/kumarbagimliligi.net\/wp-content\/uploads\/2025\/02\/photo_2025-02-16_18-19-36-187x300.jpg 187w, https:\/\/kumarbagimliligi.net\/wp-content\/uploads\/2025\/02\/photo_2025-02-16_18-19-36-768x1232.jpg 768w, https:\/\/kumarbagimliligi.net\/wp-content\/uploads\/2025\/02\/photo_2025-02-16_18-19-36-370x593.jpg 370w, https:\/\/kumarbagimliligi.net\/wp-content\/uploads\/2025\/02\/photo_2025-02-16_18-19-36-760x1219.jpg 760w, https:\/\/kumarbagimliligi.net\/wp-content\/uploads\/2025\/02\/photo_2025-02-16_18-19-36.jpg 798w\" sizes=\"auto, (max-width: 638px) 100vw, 638px\" \/><\/figure>\n<\/figure>\n<\/div>\n\n\n\n<div class=\"wp-block-column is-layout-flow wp-block-column-is-layout-flow\">\n<figure class=\"wp-block-gallery has-nested-images columns-default is-cropped wp-block-gallery-3 is-layout-flex wp-block-gallery-is-layout-flex\">\n<figure class=\"wp-block-image size-large\"><img loading=\"lazy\" decoding=\"async\" width=\"568\" height=\"1024\" data-id=\"311\" src=\"https:\/\/kumarbagimliligi.net\/wp-content\/uploads\/2025\/02\/photo_2025-02-16_18-19-59-568x1024.jpg\" alt=\"\" class=\"wp-image-311\" srcset=\"https:\/\/kumarbagimliligi.net\/wp-content\/uploads\/2025\/02\/photo_2025-02-16_18-19-59-568x1024.jpg 568w, https:\/\/kumarbagimliligi.net\/wp-content\/uploads\/2025\/02\/photo_2025-02-16_18-19-59-166x300.jpg 166w, https:\/\/kumarbagimliligi.net\/wp-content\/uploads\/2025\/02\/photo_2025-02-16_18-19-59-370x667.jpg 370w, https:\/\/kumarbagimliligi.net\/wp-content\/uploads\/2025\/02\/photo_2025-02-16_18-19-59.jpg 710w\" sizes=\"auto, (max-width: 568px) 100vw, 568px\" \/><\/figure>\n<\/figure>\n<\/div>\n<\/div>\n<\/div>\n<\/div>\n\n\n\n<div class=\"wp-block-columns is-layout-flex wp-container-core-columns-is-layout-9d6595d7 wp-block-columns-is-layout-flex\">\n<div class=\"wp-block-column is-layout-flow wp-block-column-is-layout-flow\">\n<figure class=\"wp-block-gallery has-nested-images columns-default is-cropped wp-block-gallery-4 is-layout-flex wp-block-gallery-is-layout-flex\">\n<figure class=\"wp-block-image size-large\"><img loading=\"lazy\" decoding=\"async\" width=\"887\" height=\"1024\" data-id=\"317\" src=\"https:\/\/kumarbagimliligi.net\/wp-content\/uploads\/2025\/02\/photo_2025-02-16_18-19-48-887x1024.jpg\" alt=\"\" class=\"wp-image-317\" srcset=\"https:\/\/kumarbagimliligi.net\/wp-content\/uploads\/2025\/02\/photo_2025-02-16_18-19-48-887x1024.jpg 887w, https:\/\/kumarbagimliligi.net\/wp-content\/uploads\/2025\/02\/photo_2025-02-16_18-19-48-260x300.jpg 260w, https:\/\/kumarbagimliligi.net\/wp-content\/uploads\/2025\/02\/photo_2025-02-16_18-19-48-768x886.jpg 768w, https:\/\/kumarbagimliligi.net\/wp-content\/uploads\/2025\/02\/photo_2025-02-16_18-19-48-370x427.jpg 370w, https:\/\/kumarbagimliligi.net\/wp-content\/uploads\/2025\/02\/photo_2025-02-16_18-19-48-760x877.jpg 760w, https:\/\/kumarbagimliligi.net\/wp-content\/uploads\/2025\/02\/photo_2025-02-16_18-19-48.jpg 1109w\" sizes=\"auto, (max-width: 887px) 100vw, 887px\" \/><\/figure>\n<\/figure>\n<\/div>\n\n\n\n<div class=\"wp-block-column is-layout-flow wp-block-column-is-layout-flow\">\n<figure class=\"wp-block-gallery has-nested-images columns-default is-cropped wp-block-gallery-5 is-layout-flex wp-block-gallery-is-layout-flex\">\n<figure class=\"wp-block-image size-large\"><img loading=\"lazy\" decoding=\"async\" width=\"674\" height=\"1024\" data-id=\"319\" src=\"https:\/\/kumarbagimliligi.net\/wp-content\/uploads\/2025\/02\/photo_2025-02-16_18-19-55-674x1024.jpg\" alt=\"\" class=\"wp-image-319\" srcset=\"https:\/\/kumarbagimliligi.net\/wp-content\/uploads\/2025\/02\/photo_2025-02-16_18-19-55-674x1024.jpg 674w, https:\/\/kumarbagimliligi.net\/wp-content\/uploads\/2025\/02\/photo_2025-02-16_18-19-55-198x300.jpg 198w, https:\/\/kumarbagimliligi.net\/wp-content\/uploads\/2025\/02\/photo_2025-02-16_18-19-55-768x1166.jpg 768w, https:\/\/kumarbagimliligi.net\/wp-content\/uploads\/2025\/02\/photo_2025-02-16_18-19-55-370x562.jpg 370w, https:\/\/kumarbagimliligi.net\/wp-content\/uploads\/2025\/02\/photo_2025-02-16_18-19-55-760x1154.jpg 760w, https:\/\/kumarbagimliligi.net\/wp-content\/uploads\/2025\/02\/photo_2025-02-16_18-19-55.jpg 843w\" sizes=\"auto, (max-width: 674px) 100vw, 674px\" \/><\/figure>\n<\/figure>\n<\/div>\n\n\n\n<div class=\"wp-block-column is-layout-flow wp-block-column-is-layout-flow\">\n<figure class=\"wp-block-gallery has-nested-images columns-default is-cropped wp-block-gallery-6 is-layout-flex wp-block-gallery-is-layout-flex\">\n<figure class=\"wp-block-image size-large\"><img loading=\"lazy\" decoding=\"async\" width=\"582\" height=\"1024\" data-id=\"320\" src=\"https:\/\/kumarbagimliligi.net\/wp-content\/uploads\/2025\/02\/photo_2025-02-16_18-20-03-582x1024.jpg\" alt=\"\" class=\"wp-image-320\" srcset=\"https:\/\/kumarbagimliligi.net\/wp-content\/uploads\/2025\/02\/photo_2025-02-16_18-20-03-582x1024.jpg 582w, https:\/\/kumarbagimliligi.net\/wp-content\/uploads\/2025\/02\/photo_2025-02-16_18-20-03-170x300.jpg 170w, https:\/\/kumarbagimliligi.net\/wp-content\/uploads\/2025\/02\/photo_2025-02-16_18-20-03-370x651.jpg 370w, https:\/\/kumarbagimliligi.net\/wp-content\/uploads\/2025\/02\/photo_2025-02-16_18-20-03.jpg 727w\" sizes=\"auto, (max-width: 582px) 100vw, 582px\" \/><\/figure>\n<\/figure>\n<\/div>\n<\/div>\n\n\n\n<div class=\"wp-block-group\"><div class=\"wp-block-group__inner-container is-layout-constrained wp-block-group-is-layout-constrained\">\n<div class=\"wp-block-columns is-layout-flex wp-container-core-columns-is-layout-9d6595d7 wp-block-columns-is-layout-flex\">\n<div class=\"wp-block-column is-layout-flow wp-block-column-is-layout-flow\" style=\"flex-basis:100%\"><\/div>\n<\/div>\n<\/div><\/div>\n\n\n\n<figure class=\"wp-block-gallery has-nested-images columns-default is-cropped wp-block-gallery-7 is-layout-flex wp-block-gallery-is-layout-flex\">\n<figure class=\"wp-block-image size-large\"><img loading=\"lazy\" decoding=\"async\" width=\"512\" height=\"1024\" data-id=\"313\" src=\"https:\/\/kumarbagimliligi.net\/wp-content\/uploads\/2025\/02\/photo_2025-02-16_18-19-27-512x1024.jpg\" alt=\"\" class=\"wp-image-313\" srcset=\"https:\/\/kumarbagimliligi.net\/wp-content\/uploads\/2025\/02\/photo_2025-02-16_18-19-27-512x1024.jpg 512w, https:\/\/kumarbagimliligi.net\/wp-content\/uploads\/2025\/02\/photo_2025-02-16_18-19-27-150x300.jpg 150w, https:\/\/kumarbagimliligi.net\/wp-content\/uploads\/2025\/02\/photo_2025-02-16_18-19-27-370x740.jpg 370w, https:\/\/kumarbagimliligi.net\/wp-content\/uploads\/2025\/02\/photo_2025-02-16_18-19-27.jpg 640w\" sizes=\"auto, (max-width: 512px) 100vw, 512px\" \/><\/figure>\n\n\n\n<figure class=\"wp-block-image size-large\"><img loading=\"lazy\" decoding=\"async\" width=\"587\" height=\"1024\" data-id=\"315\" src=\"https:\/\/kumarbagimliligi.net\/wp-content\/uploads\/2025\/02\/photo_2025-02-16_18-19-42-587x1024.jpg\" alt=\"\" class=\"wp-image-315\" srcset=\"https:\/\/kumarbagimliligi.net\/wp-content\/uploads\/2025\/02\/photo_2025-02-16_18-19-42-587x1024.jpg 587w, https:\/\/kumarbagimliligi.net\/wp-content\/uploads\/2025\/02\/photo_2025-02-16_18-19-42-172x300.jpg 172w, https:\/\/kumarbagimliligi.net\/wp-content\/uploads\/2025\/02\/photo_2025-02-16_18-19-42-370x645.jpg 370w, https:\/\/kumarbagimliligi.net\/wp-content\/uploads\/2025\/02\/photo_2025-02-16_18-19-42.jpg 734w\" sizes=\"auto, (max-width: 587px) 100vw, 587px\" \/><\/figure>\n\n\n\n<figure class=\"wp-block-image size-large\"><img loading=\"lazy\" decoding=\"async\" width=\"522\" height=\"1024\" data-id=\"318\" src=\"https:\/\/kumarbagimliligi.net\/wp-content\/uploads\/2025\/02\/photo_2025-02-16_18-19-52-522x1024.jpg\" alt=\"\" class=\"wp-image-318\" srcset=\"https:\/\/kumarbagimliligi.net\/wp-content\/uploads\/2025\/02\/photo_2025-02-16_18-19-52-522x1024.jpg 522w, https:\/\/kumarbagimliligi.net\/wp-content\/uploads\/2025\/02\/photo_2025-02-16_18-19-52-153x300.jpg 153w, https:\/\/kumarbagimliligi.net\/wp-content\/uploads\/2025\/02\/photo_2025-02-16_18-19-52-370x726.jpg 370w, https:\/\/kumarbagimliligi.net\/wp-content\/uploads\/2025\/02\/photo_2025-02-16_18-19-52.jpg 652w\" sizes=\"auto, (max-width: 522px) 100vw, 522px\" \/><\/figure>\n<\/figure>\n\n\n\n<figure class=\"wp-block-video\"><video height=\"848\" style=\"aspect-ratio: 464 \/ 848;\" width=\"464\" controls src=\"https:\/\/kumarbagimliligi.net\/wp-content\/uploads\/2025\/02\/bagimli-hayat-hilayesi.mp4\"><\/video><figcaption class=\"wp-element-caption\">GER\u00c7EK HAYAT H\u0130KAYES\u0130D\u0130R&#8230;!<\/figcaption><\/figure>\n<\/div><\/div>\n\n\n\n<div class=\"wp-block-cover alignfull\" style=\"padding-top:4vw;padding-right:4vw;padding-bottom:4vw;padding-left:4vw;min-height:66vh;aspect-ratio:unset;\"><span aria-hidden=\"true\" class=\"wp-block-cover__background has-black-background-color has-background-dim-100 has-background-dim\"><\/span><div class=\"wp-block-cover__inner-container is-layout-flow wp-block-cover-is-layout-flow\">\n<div class=\"wp-block-group is-nowrap is-layout-flex wp-container-core-group-is-layout-ad2f72ca wp-block-group-is-layout-flex\"><\/div>\n<\/div><\/div>\n","protected":false},"excerpt":{"rendered":"GER\u00c7EK HAYAT H\u0130KAYES\u0130D\u0130R...!","protected":false},"author":1,"featured_media":0,"parent":0,"menu_order":0,"comment_status":"closed","ping_status":"closed","template":"","meta":{"footnotes":""},"class_list":["post-278","page","type-page","status-publish","hentry"],"_links":{"self":[{"href":"https:\/\/kumarbagimliligi.net\/index.php\/wp-json\/wp\/v2\/pages\/278","targetHints":{"allow":["GET"]}}],"collection":[{"href":"https:\/\/kumarbagimliligi.net\/index.php\/wp-json\/wp\/v2\/pages"}],"about":[{"href":"https:\/\/kumarbagimliligi.net\/index.php\/wp-json\/wp\/v2\/types\/page"}],"author":[{"embeddable":true,"href":"https:\/\/kumarbagimliligi.net\/index.php\/wp-json\/wp\/v2\/users\/1"}],"replies":[{"embeddable":true,"href":"https:\/\/kumarbagimliligi.net\/index.php\/wp-json\/wp\/v2\/comments?post=278"}],"version-history":[{"count":16,"href":"https:\/\/kumarbagimliligi.net\/index.php\/wp-json\/wp\/v2\/pages\/278\/revisions"}],"predecessor-version":[{"id":345,"href":"https:\/\/kumarbagimliligi.net\/index.php\/wp-json\/wp\/v2\/pages\/278\/revisions\/345"}],"wp:attachment":[{"href":"https:\/\/kumarbagimliligi.net\/index.php\/wp-json\/wp\/v2\/media?parent=278"}],"curies":[{"name":"wp","href":"https:\/\/api.w.org\/{rel}","templated":true}]}}