{"id":203,"date":"2025-02-11T05:58:57","date_gmt":"2025-02-11T02:58:57","guid":{"rendered":"https:\/\/kumarbagimliligi.net\/?page_id=203"},"modified":"2025-02-11T06:47:12","modified_gmt":"2025-02-11T03:47:12","slug":"tez-calismalari","status":"publish","type":"page","link":"https:\/\/kumarbagimliligi.net\/index.php\/tez-calismalari\/","title":{"rendered":"Tez \u00c7al\u0131\u015fmalar\u0131"},"content":{"rendered":"\n<div class=\"wp-block-cover alignfull is-light\" style=\"margin-top:0;padding-top:6vw;padding-right:6vw;padding-bottom:6vw;padding-left:6vw\"><span aria-hidden=\"true\" class=\"wp-block-cover__background has-background-dim-100 has-background-dim\" style=\"background-color:#eb4c77\"><\/span><div class=\"wp-block-cover__inner-container is-layout-flow wp-block-cover-is-layout-flow\">\n<h2 class=\"wp-block-heading\"><mark style=\"background-color:rgba(0, 0, 0, 0)\" class=\"has-inline-color has-white-color\">BET\u00dcL \u015e\u0130RAN<\/mark><\/h2>\n\n\n\n<div style=\"height:39px\" aria-hidden=\"true\" class=\"wp-block-spacer\"><\/div>\n\n\n\n<p>\u00dcSK\u00dcDAR \u00dcN\u0130VERS\u0130TES\u0130 SA\u011eLIK B\u0130L\u0130MLER\u0130 ENST\u0130T\u00dcS\u00dc<\/p>\n\n\n\n<div style=\"height:11px\" aria-hidden=\"true\" class=\"wp-block-spacer\"><\/div>\n\n\n\n<p><strong><mark style=\"background-color:rgba(0, 0, 0, 0)\" class=\"has-inline-color has-white-color\">\u00dcN\u0130VERS\u0130TE \u00d6\u011eRENC\u0130LER\u0130NDE KUMAR OYNAMA DAVRANI\u015eI<br>D\u00dcRT\u00dcSELL\u0130K VE PS\u0130KOLOJ\u0130K SA\u011eLAMLIK D\u00dcZEYLER\u0130N\u0130N<br>\u0130NCELENMES\u0130<\/mark><\/strong><\/p>\n\n\n\n<hr class=\"wp-block-separator has-alpha-channel-opacity\"\/>\n\n\n\n<div class=\"wp-block-buttons is-layout-flex wp-block-buttons-is-layout-flex\">\n<div class=\"wp-block-button\"><a class=\"wp-block-button__link wp-element-button\" href=\"\/tez\/1_BETUL_SIRAN_Universite_ogrencilerinde_kumar_oynama_davranisi.pdf\">Okumak i\u00e7in t\u0131kla<\/a><\/div>\n<\/div>\n<\/div><\/div>\n\n\n\n<div class=\"wp-block-cover alignfull is-light\" style=\"margin-top:0;padding-top:5vw;padding-right:5vw;padding-bottom:5vw;padding-left:5vw\"><span aria-hidden=\"true\" class=\"wp-block-cover__background has-background-dim-100 has-background-dim\" style=\"background-color:#e68b14\"><\/span><div class=\"wp-block-cover__inner-container is-layout-flow wp-block-cover-is-layout-flow\">\n<h2 class=\"wp-block-heading\"><mark style=\"background-color:rgba(0, 0, 0, 0)\" class=\"has-inline-color has-white-color\">G\u00f6khan ARIBURNU<\/mark><\/h2>\n\n\n\n<div style=\"height:39px\" aria-hidden=\"true\" class=\"wp-block-spacer\"><\/div>\n\n\n\n<p><mark style=\"background-color:rgba(0, 0, 0, 0)\" class=\"has-inline-color has-white-color\">\u00dcSK\u00dcDAR \u00dcN\u0130VERS\u0130TES\u0130<br>SA\u011eLIK B\u0130L\u0130MLER\u0130 ENST\u0130T\u00dcS\u00dc<\/mark><\/p>\n\n\n\n<div style=\"height:11px\" aria-hidden=\"true\" class=\"wp-block-spacer\"><\/div>\n\n\n\n<p><strong><mark style=\"background-color:rgba(0, 0, 0, 0)\" class=\"has-inline-color has-white-color\">PANDEM\u0130 S\u00dcREC\u0130NDE PROBLEML\u0130 AKILLI CEP TELEFONU<br>KULLANIMININ KUMAR BA\u011eIMLILI\u011eI VE SOSYAL MEDYA<br>BA\u011eIMLILI\u011eI \u0130LE \u0130L\u0130\u015eK\u0130S\u0130<\/mark><\/strong><\/p>\n\n\n\n<hr class=\"wp-block-separator has-alpha-channel-opacity\"\/>\n\n\n\n<div class=\"wp-block-buttons is-layout-flex wp-block-buttons-is-layout-flex\">\n<div class=\"wp-block-button\"><a class=\"wp-block-button__link wp-element-button\" href=\"\/tez\/2_GOKHAN_ARIBURNU_Pandemi_surecinde_problemli_akilli_cep_telefonu.pdf\">Okumak i\u00e7in t\u0131kla<\/a><\/div>\n<\/div>\n<\/div><\/div>\n\n\n\n<div class=\"wp-block-cover alignfull\" style=\"margin-top:0;padding-top:5vw;padding-right:5vw;padding-bottom:5vw;padding-left:5vw\"><span aria-hidden=\"true\" class=\"wp-block-cover__background has-background-dim-100 has-background-dim\" style=\"background-color:#d1362a\"><\/span><div class=\"wp-block-cover__inner-container is-layout-flow wp-block-cover-is-layout-flow\">\n<h2 class=\"wp-block-heading\"><mark style=\"background-color:rgba(0, 0, 0, 0)\" class=\"has-inline-color has-white-color\">Melisa AKSU<\/mark><\/h2>\n\n\n\n<div style=\"height:39px\" aria-hidden=\"true\" class=\"wp-block-spacer\"><\/div>\n\n\n\n<p>\u00dcSK\u00dcDAR \u00dcN\u0130VERS\u0130TES\u0130<br>SOSYAL B\u0130L\u0130MLER ENST\u0130T\u00dcS\u00dc<\/p>\n\n\n\n<div style=\"height:11px\" aria-hidden=\"true\" class=\"wp-block-spacer\"><\/div>\n\n\n\n<p><strong><mark style=\"background-color:rgba(0, 0, 0, 0)\" class=\"has-inline-color has-white-color\">KUMAR OYNAMA BOZUKLU\u011eU TANISI ALMI\u015e B\u0130REYLERDE<br>D\u00dcRT\u00dcSELL\u0130K VE B\u0130L\u0130\u015eSEL ESNEKL\u0130\u011e\u0130N KUMAR OYNAMA<br>\u015e\u0130DDET\u0130 \u0130LE \u0130L\u0130\u015eK\u0130S\u0130N\u0130N \u0130NCELENMES\u0130<\/mark><\/strong><\/p>\n\n\n\n<hr class=\"wp-block-separator has-alpha-channel-opacity\"\/>\n\n\n\n<div class=\"wp-block-buttons is-layout-flex wp-block-buttons-is-layout-flex\">\n<div class=\"wp-block-button\"><a class=\"wp-block-button__link wp-element-button\" href=\"\/tez\/3_MELISA_AKSU_Kumar_oynama_bozuklugu_tanisi_almis_bireylerde.pdf\">Okumak i\u00e7in t\u0131kla<\/a><\/div>\n<\/div>\n<\/div><\/div>\n\n\n\n<div class=\"wp-block-cover alignfull is-light\" style=\"margin-top:0;padding-top:6vw;padding-right:6vw;padding-bottom:6vw;padding-left:6vw\"><span aria-hidden=\"true\" class=\"wp-block-cover__background has-background-dim-100 has-background-dim\" style=\"background-color:#eb4c77\"><\/span><div class=\"wp-block-cover__inner-container is-layout-flow wp-block-cover-is-layout-flow\">\n<h2 class=\"wp-block-heading\"><mark style=\"background-color:rgba(0, 0, 0, 0)\" class=\"has-inline-color has-white-color\">Meral KO\u00c7 \u00d6ZDA\u011e<\/mark><\/h2>\n\n\n\n<div style=\"height:39px\" aria-hidden=\"true\" class=\"wp-block-spacer\"><\/div>\n\n\n\n<p><mark style=\"background-color:rgba(0, 0, 0, 0)\" class=\"has-inline-color has-white-color\">\u00dcSK\u00dcDAR \u00dcN\u0130VERS\u0130TES\u0130<br>SA\u011eLIK B\u0130L\u0130MLER\u0130 ENST\u0130T\u00dcS\u00dc<\/mark><\/p>\n\n\n\n<div style=\"height:11px\" aria-hidden=\"true\" class=\"wp-block-spacer\"><\/div>\n\n\n\n<p><strong><mark style=\"background-color:rgba(0, 0, 0, 0)\" class=\"has-inline-color has-white-color\">KUMAR OYNAMA BOZUKLU\u011eU TANILI HASTALARDA<br>NARS\u0130ST\u0130K K\u0130\u015e\u0130L\u0130K \u00d6ZELL\u0130KLER\u0130 \u0130LE YARDIM ARAMA<br>DAVRANI\u015eI ARASINDAK\u0130 \u0130L\u0130\u015eK\u0130N\u0130N \u0130NCELENMES\u0130<\/mark><\/strong><\/p>\n\n\n\n<hr class=\"wp-block-separator has-alpha-channel-opacity\"\/>\n\n\n\n<div class=\"wp-block-buttons is-layout-flex wp-block-buttons-is-layout-flex\">\n<div class=\"wp-block-button\"><a class=\"wp-block-button__link wp-element-button\" href=\"\/tez\/4_MERAL_KOC_Kumar_Oynama_Bozuklugu_Tanili_Hastalarda_Narsistik.pdf\">Okumak i\u00e7in t\u0131kla<\/a><\/div>\n<\/div>\n<\/div><\/div>\n\n\n\n<div class=\"wp-block-cover alignfull is-light\" style=\"margin-top:0;padding-top:5vw;padding-right:5vw;padding-bottom:5vw;padding-left:5vw\"><span aria-hidden=\"true\" class=\"wp-block-cover__background has-background-dim-100 has-background-dim\" style=\"background-color:#e68b14\"><\/span><div class=\"wp-block-cover__inner-container is-layout-flow wp-block-cover-is-layout-flow\">\n<h2 class=\"wp-block-heading\"><mark style=\"background-color:rgba(0, 0, 0, 0)\" class=\"has-inline-color has-white-color\">Figen TURGAY<\/mark><\/h2>\n\n\n\n<div style=\"height:39px\" aria-hidden=\"true\" class=\"wp-block-spacer\"><\/div>\n\n\n\n<p><mark style=\"background-color:rgba(0, 0, 0, 0)\" class=\"has-inline-color has-white-color\">BEYKOZ \u00dcN\u0130VERS\u0130TES\u0130 L\u0130SANS\u00dcST\u00dc PROGRAMLAR ENST\u0130T\u00dcS\u00dc<\/mark><\/p>\n\n\n\n<div style=\"height:11px\" aria-hidden=\"true\" class=\"wp-block-spacer\"><\/div>\n\n\n\n<p><strong><mark style=\"background-color:rgba(0, 0, 0, 0)\" class=\"has-inline-color has-white-color\">ONL\u0130NE OYUN BA\u011eIMLISI OLAN B\u0130REYLER\u0130N<br>ONL\u0130NE KUMAR BA\u011eIMLISI OLMALARININ<br>AKS\u0130YETE, DEPRESYON VE TRAVMA SONRASI STRES<br>BOZUKLU\u011eUYLA \u0130L\u0130\u015eK\u0130S\u0130<\/mark><\/strong><\/p>\n\n\n\n<hr class=\"wp-block-separator has-alpha-channel-opacity\"\/>\n\n\n\n<div class=\"wp-block-buttons is-layout-flex wp-block-buttons-is-layout-flex\">\n<div class=\"wp-block-button\"><a class=\"wp-block-button__link wp-element-button\" href=\"\/tez\/5_FIGEN_TURGAY_Online_oyun_bagimlisi_olan_bireylerin_online.pdf\">Okumak i\u00e7in t\u0131kla<\/a><\/div>\n<\/div>\n<\/div><\/div>\n\n\n\n<div class=\"wp-block-cover alignfull\" style=\"margin-top:0;padding-top:5vw;padding-right:5vw;padding-bottom:5vw;padding-left:5vw\"><span aria-hidden=\"true\" class=\"wp-block-cover__background has-background-dim-100 has-background-dim\" style=\"background-color:#d1362a\"><\/span><div class=\"wp-block-cover__inner-container is-layout-flow wp-block-cover-is-layout-flow\">\n<h2 class=\"wp-block-heading\"><mark style=\"background-color:rgba(0, 0, 0, 0)\" class=\"has-inline-color has-white-color\">Alper KOLCAN<\/mark><\/h2>\n\n\n\n<div style=\"height:39px\" aria-hidden=\"true\" class=\"wp-block-spacer\"><\/div>\n\n\n\n<p><mark style=\"background-color:rgba(0, 0, 0, 0)\" class=\"has-inline-color has-white-color\">BEYKENT \u00dcN\u0130VERS\u0130TES\u0130 L\u0130SANS\u00dcST\u00dc E\u011e\u0130T\u0130M ENST\u0130T\u00dcS\u00dc PS\u0130KOLOJ\u0130 ANAB\u0130L\u0130M DALI KL\u0130N\u0130K PS\u0130KOLOJ\u0130 B\u0130L\u0130M DALI<\/mark><\/p>\n\n\n\n<div style=\"height:11px\" aria-hidden=\"true\" class=\"wp-block-spacer\"><\/div>\n\n\n\n<p><strong><mark style=\"background-color:rgba(0, 0, 0, 0)\" class=\"has-inline-color has-white-color\">\u00dcN\u0130VERS\u0130TE \u00d6\u011eRENC\u0130LER\u0130NDE D\u0130J\u0130TAL OYUN<br>BA\u011eIMLILI\u011eI VE KUMAR BA\u011eIMLILI\u011eININ<br>D\u00dcRT\u00dcSELL\u0130K \u0130LE \u0130L\u0130\u015eK\u0130S\u0130<\/mark><\/strong><\/p>\n\n\n\n<hr class=\"wp-block-separator has-alpha-channel-opacity\"\/>\n\n\n\n<div class=\"wp-block-buttons is-layout-flex wp-block-buttons-is-layout-flex\">\n<div class=\"wp-block-button\"><a class=\"wp-block-button__link wp-element-button\" href=\"\/tez\/6_ALPER_KOLCAN_Universite_ogrencilerinde_dijital_oyun_bagimliligi.pdf\">Okumak i\u00e7in t\u0131kla<\/a><\/div>\n<\/div>\n<\/div><\/div>\n\n\n\n<div class=\"wp-block-cover alignfull is-light\" style=\"margin-top:0;padding-top:6vw;padding-right:6vw;padding-bottom:6vw;padding-left:6vw\"><span aria-hidden=\"true\" class=\"wp-block-cover__background has-background-dim-100 has-background-dim\" style=\"background-color:#eb4c77\"><\/span><div class=\"wp-block-cover__inner-container is-layout-flow wp-block-cover-is-layout-flow\">\n<h2 class=\"wp-block-heading\"><mark style=\"background-color:rgba(0, 0, 0, 0)\" class=\"has-inline-color has-white-color\">Dr. Derya UYANIKO\u011eLU<\/mark><\/h2>\n\n\n\n<div style=\"height:39px\" aria-hidden=\"true\" class=\"wp-block-spacer\"><\/div>\n\n\n\n<p><mark style=\"background-color:rgba(0, 0, 0, 0)\" class=\"has-inline-color has-white-color\">SA\u011eLIK B\u0130L\u0130MLER\u0130 \u00dcN\u0130VERS\u0130TES\u0130<br>BURSA Y\u00dcKSEK \u0130HT\u0130SAS E\u011e\u0130T\u0130M VE ARA\u015eTIRMA<br>HASTANES\u0130<\/mark><\/p>\n\n\n\n<div style=\"height:11px\" aria-hidden=\"true\" class=\"wp-block-spacer\"><\/div>\n\n\n\n<p><strong><mark style=\"background-color:rgba(0, 0, 0, 0)\" class=\"has-inline-color has-white-color\">KUMAR BA\u011eIMLILARINDA<br>ANNE BABALIK VE A\u0130LE UYUMUNUN<br>SA\u011eLIK OKURYAZARLI\u011eI \u0130LE \u0130L\u0130\u015eK\u0130S\u0130<\/mark><\/strong><\/p>\n\n\n\n<hr class=\"wp-block-separator has-alpha-channel-opacity\"\/>\n\n\n\n<div class=\"wp-block-buttons is-layout-flex wp-block-buttons-is-layout-flex\">\n<div class=\"wp-block-button\"><a class=\"wp-block-button__link wp-element-button\" href=\"\/tez\/7_DERYA_UYANIKOGLU_Kumar_bagimlilarinda_anne_babalik_ve_aile.pdf\">Okumak i\u00e7in t\u0131kla<\/a><\/div>\n<\/div>\n<\/div><\/div>\n\n\n\n<div class=\"wp-block-cover alignfull is-light\" style=\"margin-top:0;padding-top:5vw;padding-right:5vw;padding-bottom:5vw;padding-left:5vw\"><span aria-hidden=\"true\" class=\"wp-block-cover__background has-background-dim-100 has-background-dim\" style=\"background-color:#e68b14\"><\/span><div class=\"wp-block-cover__inner-container is-layout-flow wp-block-cover-is-layout-flow\">\n<h2 class=\"wp-block-heading\"><mark style=\"background-color:rgba(0, 0, 0, 0)\" class=\"has-inline-color has-white-color\">G\u00fcner \u00d6ZT\u00dcRKMEN<\/mark><\/h2>\n\n\n\n<div style=\"height:39px\" aria-hidden=\"true\" class=\"wp-block-spacer\"><\/div>\n\n\n\n<p><mark style=\"background-color:rgba(0, 0, 0, 0)\" class=\"has-inline-color has-white-color\">\u0130STANBUL GEL\u0130\u015e\u0130M \u00dcN\u0130VERS\u0130TES\u0130<br>L\u0130SANS\u00dcST\u00dc E\u011e\u0130T\u0130M ENST\u0130T\u00dcS\u00dc<br>Psikoloji Anabilim Dal\u0131<br>Ba\u011f\u0131ml\u0131l\u0131k Psikolojisi Bilim Dal\u0131<\/mark><\/p>\n\n\n\n<div style=\"height:11px\" aria-hidden=\"true\" class=\"wp-block-spacer\"><\/div>\n\n\n\n<p><strong><mark style=\"background-color:rgba(0, 0, 0, 0)\" class=\"has-inline-color has-white-color\">YET\u0130\u015eK\u0130N B\u0130REYLER\u0130N \u00c7EVR\u0130M\u0130\u00c7\u0130 KUMAR<br>BA\u011eIMLILI\u011eININ D\u00dcRT\u00dcSELL\u0130K \u0130LE \u0130L\u0130\u015eK\u0130S\u0130<\/mark><\/strong><\/p>\n\n\n\n<hr class=\"wp-block-separator has-alpha-channel-opacity\"\/>\n\n\n\n<div class=\"wp-block-buttons is-layout-flex wp-block-buttons-is-layout-flex\">\n<div class=\"wp-block-button\"><a class=\"wp-block-button__link wp-element-button\" href=\"\/tez\/8_GUNER_OZTURKMEN_Yetiskin_bireylerin_cevrimici_kumar_bagimliliginin.pdf\">Okumak i\u00e7in t\u0131kla<\/a><\/div>\n<\/div>\n<\/div><\/div>\n\n\n\n<div class=\"wp-block-cover alignfull\" style=\"margin-top:0;padding-top:5vw;padding-right:5vw;padding-bottom:5vw;padding-left:5vw\"><span aria-hidden=\"true\" class=\"wp-block-cover__background has-background-dim-100 has-background-dim\" style=\"background-color:#d1362a\"><\/span><div class=\"wp-block-cover__inner-container is-layout-flow wp-block-cover-is-layout-flow\">\n<h2 class=\"wp-block-heading\"><mark style=\"background-color:rgba(0, 0, 0, 0)\" class=\"has-inline-color has-white-color\">Muhammed \u015eamil AYDIN<\/mark><\/h2>\n\n\n\n<div style=\"height:39px\" aria-hidden=\"true\" class=\"wp-block-spacer\"><\/div>\n\n\n\n<p><mark style=\"background-color:rgba(0, 0, 0, 0)\" class=\"has-inline-color has-white-color\">\u00dcSK\u00dcDAR \u00dcN\u0130VERS\u0130TES\u0130<br>SA\u011eLIK B\u0130L\u0130MLER\u0130 ENST\u0130T\u00dcS\u00dc<br>SOSYAL H\u0130ZMET ANAB\u0130L\u0130M DALI<br>SOSYAL H\u0130ZMET Y\u00dcKSEK L\u0130SANS PROGRAMI<\/mark><\/p>\n\n\n\n<div style=\"height:11px\" aria-hidden=\"true\" class=\"wp-block-spacer\"><\/div>\n\n\n\n<p><strong><mark style=\"background-color:rgba(0, 0, 0, 0)\" class=\"has-inline-color has-white-color\">KUMAR BA\u011eIMLISI B\u0130REYLER\u0130N A\u0130LE SA\u011eLIK VE SOSYAL<br>DURUMLARININ EKOS\u0130STEM PERSPEKT\u0130F\u0130NDEN ANAL\u0130Z\u0130<\/mark><\/strong><\/p>\n\n\n\n<hr class=\"wp-block-separator has-alpha-channel-opacity\"\/>\n\n\n\n<div class=\"wp-block-buttons is-layout-flex wp-block-buttons-is-layout-flex\">\n<div class=\"wp-block-button\"><a class=\"wp-block-button__link wp-element-button\" href=\"\/tez\/9_MUHAMMED_SAMIL_AYDIN_Kumar_bagimlisi_bireylerin_aile_saglik.pdf\">Okumak i\u00e7in t\u0131kla<\/a><\/div>\n<\/div>\n<\/div><\/div>\n\n\n\n<div class=\"wp-block-cover alignfull is-light\" style=\"margin-top:0;padding-top:6vw;padding-right:6vw;padding-bottom:6vw;padding-left:6vw\"><span aria-hidden=\"true\" class=\"wp-block-cover__background has-background-dim-100 has-background-dim\" style=\"background-color:#eb4c77\"><\/span><div class=\"wp-block-cover__inner-container is-layout-flow wp-block-cover-is-layout-flow\">\n<h2 class=\"wp-block-heading\"><mark style=\"background-color:rgba(0, 0, 0, 0)\" class=\"has-inline-color has-white-color\">\u00d6mer Metehan KARADA\u011e<\/mark><\/h2>\n\n\n\n<div style=\"height:39px\" aria-hidden=\"true\" class=\"wp-block-spacer\"><\/div>\n\n\n\n<p><mark style=\"background-color:rgba(0, 0, 0, 0)\" class=\"has-inline-color has-white-color\">\u0130STANBUL GEL\u0130\u015e\u0130M \u00dcN\u0130VERS\u0130TES\u0130<br>L\u0130SANS\u00dcST\u00dc E\u011e\u0130T\u0130M ENST\u0130T\u00dcS\u00dc<br>Psikoloji Anabilim Dal\u0131<br>Ba\u011f\u0131ml\u0131l\u0131k Psikolojisi Bilim Dal\u0131<\/mark><\/p>\n\n\n\n<div style=\"height:11px\" aria-hidden=\"true\" class=\"wp-block-spacer\"><\/div>\n\n\n\n<p><strong><mark style=\"background-color:rgba(0, 0, 0, 0)\" class=\"has-inline-color has-white-color\">KR\u0130PTO PARA YATIRIMI YAPAN B\u0130REYLER\u0130N KUMAR<br>BA\u011eIMLILI\u011eI, UYKU KAL\u0130TES\u0130, DEPRESYON VE ANKS\u0130YETE<br>D\u00dcZEYLER\u0130N\u0130N \u0130NCELENMES\u0130<\/mark><\/strong><\/p>\n\n\n\n<hr class=\"wp-block-separator has-alpha-channel-opacity\"\/>\n\n\n\n<div class=\"wp-block-buttons is-layout-flex wp-block-buttons-is-layout-flex\">\n<div class=\"wp-block-button\"><a class=\"wp-block-button__link wp-element-button\" href=\"\/tez\/10_OMER_METEHAN_KARADAG_Kripto_para_yatirimi_yapan_bireylerin.pdf\">Okumak i\u00e7in t\u0131kla<\/a><\/div>\n<\/div>\n<\/div><\/div>\n\n\n\n<div class=\"wp-block-group is-nowrap is-layout-flex wp-container-core-group-is-layout-ad2f72ca wp-block-group-is-layout-flex\">\n<hr class=\"wp-block-separator has-alpha-channel-opacity\"\/>\n\n\n\n<div class=\"wp-block-cover alignfull is-light\" style=\"margin-top:0;padding-top:5vw;padding-right:5vw;padding-bottom:5vw;padding-left:5vw\"><span aria-hidden=\"true\" class=\"wp-block-cover__background has-background-dim-100 has-background-dim\" style=\"background-color:#e68b14\"><\/span><div class=\"wp-block-cover__inner-container is-layout-flow wp-block-cover-is-layout-flow\">\n<h2 class=\"wp-block-heading\"><mark style=\"background-color:rgba(0, 0, 0, 0)\" class=\"has-inline-color has-white-color\">RAMAZAN SENCER G\u00dcND\u00dcZ<\/mark><\/h2>\n\n\n\n<div style=\"height:39px\" aria-hidden=\"true\" class=\"wp-block-spacer\"><\/div>\n\n\n\n<p><mark style=\"background-color:rgba(0, 0, 0, 0)\" class=\"has-inline-color has-white-color\">Topkap\u0131 \u00dcniversitesi<\/mark><\/p>\n\n\n\n<div style=\"height:11px\" aria-hidden=\"true\" class=\"wp-block-spacer\"><\/div>\n\n\n\n<p><strong><mark style=\"background-color:rgba(0, 0, 0, 0)\" class=\"has-inline-color has-white-color\">D\u0130J\u0130TAL OYUN BA\u011eIMLILI\u011eI VE KUMAR<br>BA\u011eIMLILI\u011eI \u0130L\u0130\u015eK\u0130S\u0130N\u0130N \u00c7E\u015e\u0130TL\u0130 DE\u011e\u0130\u015eKENLER<br>A\u00c7ISINDAN \u0130NCELENMES\u0130<\/mark><\/strong><\/p>\n\n\n\n<hr class=\"wp-block-separator has-alpha-channel-opacity\"\/>\n\n\n\n<div class=\"wp-block-buttons is-layout-flex wp-block-buttons-is-layout-flex\">\n<div class=\"wp-block-button\"><a class=\"wp-block-button__link wp-element-button\" href=\"\/tez\/11_RAMAZAN_SENCER_GUNDUZ_Dijital_oyun_bagimliligi_ve_kumar_bagimliligi.pdf\">Okumak i\u00e7in t\u0131kla<\/a><\/div>\n<\/div>\n<\/div><\/div>\n\n\n\n<hr class=\"wp-block-separator has-alpha-channel-opacity\"\/>\n<\/div>\n","protected":false},"excerpt":{"rendered":"BET\u00dcL \u015e\u0130RAN \u00dcSK\u00dcDAR \u00dcN\u0130VERS\u0130TES\u0130 SA\u011eLIK B\u0130L\u0130MLER\u0130 ENST\u0130T\u00dcS\u00dc \u00dcN\u0130VERS\u0130TE \u00d6\u011eRENC\u0130LER\u0130NDE KUMAR OYNAMA DAVRANI\u015eID\u00dcRT\u00dcSELL\u0130K VE PS\u0130KOLOJ\u0130K SA\u011eLAMLIK D\u00dcZEYLER\u0130N\u0130N\u0130NCELENMES\u0130 Okumak i\u00e7in t\u0131kla G\u00f6khan ARIBURNU \u00dcSK\u00dcDAR \u00dcN\u0130VERS\u0130TES\u0130SA\u011eLIK B\u0130L\u0130MLER\u0130 ENST\u0130T\u00dcS\u00dc PANDEM\u0130 S\u00dcREC\u0130NDE PROBLEML\u0130 AKILLI CEP TELEFONUKULLANIMININ KUMAR BA\u011eIMLILI\u011eI VE SOSYAL MEDYABA\u011eIMLILI\u011eI \u0130LE \u0130L\u0130\u015eK\u0130S\u0130 Okumak i\u00e7in t\u0131kla Melisa AKSU \u00dcSK\u00dcDAR \u00dcN\u0130VERS\u0130TES\u0130SOSYAL B\u0130L\u0130MLER ENST\u0130T\u00dcS\u00dc KUMAR OYNAMA BOZUKLU\u011eU TANISI ALMI\u015e B\u0130REYLERDED\u00dcRT\u00dcSELL\u0130K VE B\u0130L\u0130\u015eSEL ESNEKL\u0130\u011e\u0130N KUMAR OYNAMA\u015e\u0130DDET\u0130 \u0130LE \u0130L\u0130\u015eK\u0130S\u0130N\u0130N&hellip;","protected":false},"author":1,"featured_media":0,"parent":0,"menu_order":0,"comment_status":"closed","ping_status":"closed","template":"","meta":{"footnotes":"[]"},"class_list":["post-203","page","type-page","status-publish","hentry"],"_links":{"self":[{"href":"https:\/\/kumarbagimliligi.net\/index.php\/wp-json\/wp\/v2\/pages\/203","targetHints":{"allow":["GET"]}}],"collection":[{"href":"https:\/\/kumarbagimliligi.net\/index.php\/wp-json\/wp\/v2\/pages"}],"about":[{"href":"https:\/\/kumarbagimliligi.net\/index.php\/wp-json\/wp\/v2\/types\/page"}],"author":[{"embeddable":true,"href":"https:\/\/kumarbagimliligi.net\/index.php\/wp-json\/wp\/v2\/users\/1"}],"replies":[{"embeddable":true,"href":"https:\/\/kumarbagimliligi.net\/index.php\/wp-json\/wp\/v2\/comments?post=203"}],"version-history":[{"count":21,"href":"https:\/\/kumarbagimliligi.net\/index.php\/wp-json\/wp\/v2\/pages\/203\/revisions"}],"predecessor-version":[{"id":259,"href":"https:\/\/kumarbagimliligi.net\/index.php\/wp-json\/wp\/v2\/pages\/203\/revisions\/259"}],"wp:attachment":[{"href":"https:\/\/kumarbagimliligi.net\/index.php\/wp-json\/wp\/v2\/media?parent=203"}],"curies":[{"name":"wp","href":"https:\/\/api.w.org\/{rel}","templated":true}]}}