{"id":202,"date":"2025-02-11T06:06:55","date_gmt":"2025-02-11T03:06:55","guid":{"rendered":"https:\/\/kumarbagimliligi.net\/?page_id=202"},"modified":"2025-02-16T13:40:37","modified_gmt":"2025-02-16T10:40:37","slug":"bagimlilik-donguleri","status":"publish","type":"page","link":"https:\/\/kumarbagimliligi.net\/index.php\/bagimlilik-donguleri\/","title":{"rendered":"Ba\u011f\u0131ml\u0131l\u0131k D\u00f6ng\u00fcleri"},"content":{"rendered":"\n<div class=\"wp-block-cover alignfull is-light\" style=\"margin-top:0;padding-top:5vw;padding-right:5vw;padding-bottom:5vw;padding-left:5vw\"><span aria-hidden=\"true\" class=\"wp-block-cover__background has-pale-cyan-blue-background-color has-background-dim-100 has-background-dim\"><\/span><div class=\"wp-block-cover__inner-container is-layout-flow wp-block-cover-is-layout-flow\">\n<h1 class=\"wp-block-heading has-text-align-center\"><strong> Ba\u011f\u0131ml\u0131l\u0131k D\u00f6ng\u00fcleri<\/strong><\/h1>\n\n\n\n<div class=\"wp-block-group is-layout-flex wp-container-core-group-is-layout-87ee99ac wp-block-group-is-layout-flex\">\n<p><\/p>\n\n\n\n<div class=\"wp-block-group wp-container-content-9cfa9a5a\"><div class=\"wp-block-group__inner-container is-layout-flow wp-block-group-is-layout-flow\"><div class=\"wp-block-image\">\n<figure class=\"aligncenter size-full is-resized\"><img loading=\"lazy\" decoding=\"async\" width=\"600\" height=\"532\" src=\"https:\/\/kumarbagimliligi.net\/wp-content\/uploads\/2025\/02\/dongu-1.png\" alt=\"\" class=\"wp-image-251\" style=\"width:648px;height:auto\" srcset=\"https:\/\/kumarbagimliligi.net\/wp-content\/uploads\/2025\/02\/dongu-1.png 600w, https:\/\/kumarbagimliligi.net\/wp-content\/uploads\/2025\/02\/dongu-1-300x266.png 300w, https:\/\/kumarbagimliligi.net\/wp-content\/uploads\/2025\/02\/dongu-1-370x328.png 370w\" sizes=\"auto, (max-width: 600px) 100vw, 600px\" \/><\/figure>\n<\/div>\n\n\n<h4 class=\"wp-block-heading\">Kumar ba\u011f\u0131ml\u0131l\u0131\u011f\u0131n\u0131n d\u00f6ng\u00fcs\u00fc \u015fu ad\u0131mlardan olu\u015fur:<\/h4>\n\n\n\n<p>1. Heyecan ve Umut: Kumar ba\u011f\u0131ml\u0131lar\u0131 genellikle ba\u015flang\u0131\u00e7ta heyecan ve umut duygular\u0131yla oyun oynarlar. Kazanma \u015fans\u0131, heyecan verici bir atmosfer olu\u015fturur.<\/p>\n\n\n\n<p>2. Kazanma A\u015famas\u0131: Oyuncu, ilk ba\u015far\u0131l\u0131 deneyimini ya\u015fad\u0131\u011f\u0131nda, bu durum beyinde \u00f6d\u00fcl merkezlerini etkiler. Bu a\u015famada kazan\u00e7, ki\u015fiyi daha fazla oynamaya te\u015fvik eder.<\/p>\n\n\n\n<p>3. Kaybetme A\u015famas\u0131: Ancak, kumar\u0131n do\u011fas\u0131 gere\u011fi kaybetme olas\u0131l\u0131\u011f\u0131 daha y\u00fcksektir. Kaybedilen paray\u0131 geri kazanma arzusu, oyuncuyu daha fazla riske atmaya iter.<\/p>\n\n\n\n<p>4. S\u00fcrekli Oynama \u0130htiyac\u0131: Oyuncu, kaybetse bile oyunu b\u0131rakmakta zorlanabilir. Bu noktada, kumar ba\u011f\u0131ml\u0131l\u0131\u011f\u0131 ba\u015f g\u00f6sterir ve ki\u015fi s\u00fcrekli oynama ihtiyac\u0131 duyar.<\/p>\n\n\n\n<p>5.<strong> <\/strong>Bor\u00e7 ve Finansal Sorunlar: Oyuncu, kaybettik\u00e7e finansal sorunlarla kar\u015f\u0131la\u015fabilir. Bu noktada, bor\u00e7lanma ve mali s\u0131k\u0131nt\u0131lar ba\u015flar.<\/p>\n\n\n\n<p>6. Su\u00e7luluk ve Stres: Finansal sorunlar, su\u00e7luluk duygular\u0131n\u0131 art\u0131rabilir ve genel stres seviyelerini y\u00fckseltebilir. Ancak, bu duygular ki\u015fiyi kumar oynamaktan vazge\u00e7meye te\u015fvik etmez, aksine daha fazla oynamaya y\u00f6nlendirebilir.<\/p>\n\n\n\n<p>Bu d\u00f6ng\u00fc, kumar ba\u011f\u0131ml\u0131l\u0131\u011f\u0131n\u0131n giderek daha derinle\u015fen bir sorun haline gelmesine neden olabilir. Ba\u011f\u0131ml\u0131lar, genellikle bu d\u00f6ng\u00fcy\u00fc k\u0131rmak i\u00e7in profesyonel yard\u0131m almal\u0131d\u0131r.<\/p>\n\n\n\n<h4 class=\"wp-block-heading\">Kumar ba\u011f\u0131ml\u0131l\u0131\u011f\u0131n\u0131n olumsuz etkileri :<\/h4>\n\n\n\n<p>1. Finansal Sorunlar: Kumar ba\u011f\u0131ml\u0131l\u0131\u011f\u0131, genellikle mali s\u0131k\u0131nt\u0131larla sonu\u00e7lan\u0131r. Oyuncular, kaybettik\u00e7e bor\u00e7lanabilir ve finansal g\u00fc\u00e7l\u00fcklerle kar\u015f\u0131la\u015fabilirler.<\/p>\n\n\n\n<p>2. Aile \u0130li\u015fkilerinde Bozulma: Kumar ba\u011f\u0131ml\u0131lar\u0131, aileleriyle ve di\u011fer ili\u015fkileriyle sorunlar ya\u015fayabilir. Bu durum, g\u00fcven kayb\u0131na ve aile i\u00e7i \u00e7at\u0131\u015fmalara yol a\u00e7abilir.<\/p>\n\n\n\n<p>3. Sa\u011fl\u0131k Sorunlar\u0131: Stres, kayg\u0131 ve depresyon gibi zihinsel sa\u011fl\u0131k sorunlar\u0131 kumar ba\u011f\u0131ml\u0131lar\u0131 aras\u0131nda yayg\u0131nd\u0131r. Ayr\u0131ca, uyku d\u00fczeni bozulabilir ve fiziksel sa\u011fl\u0131k problemleri ortaya \u00e7\u0131kabilir.<\/p>\n\n\n\n<p>4.<strong> <\/strong>Su\u00e7 ve Hukuki Sorunlar: Baz\u0131 ba\u011f\u0131ml\u0131lar, kumar kay\u0131plar\u0131n\u0131 telafi etmek veya devam etmek i\u00e7in yasa d\u0131\u015f\u0131 yollar\u0131 se\u00e7ebilir, bu da hukuki sorunlara neden olabilir.<\/p>\n\n\n\n<p>5. \u0130\u015f Kayb\u0131 ve E\u011fitim Problemleri: Kumar ba\u011f\u0131ml\u0131l\u0131\u011f\u0131, i\u015f performans\u0131n\u0131 olumsuz etkileyebilir ve hatta i\u015f kayb\u0131na yol a\u00e7abilir. E\u011fitimle ilgili sorunlar da ortaya \u00e7\u0131kabilir.<\/p>\n\n\n\n<p>6.<strong> <\/strong>Toplumsal \u0130zolasyon: Ba\u011f\u0131ml\u0131l\u0131k, sosyal \u00e7evreden izolasyona neden olabilir. Ki\u015fi, kumar odakl\u0131 bir ya\u015fam tarz\u0131n\u0131 benimseyerek di\u011fer aktivitelerden uzakla\u015fabilir.<\/p>\n\n\n\n<p>7. Fiziksel Sa\u011fl\u0131k Sorunlar\u0131: A\u015f\u0131r\u0131 kumar, stres ve kayg\u0131 nedeniyle fiziksel sa\u011fl\u0131k sorunlar\u0131na yol a\u00e7abilir. Bu sorunlar aras\u0131nda ba\u015f a\u011fr\u0131lar\u0131, mide problemleri ve uyku bozukluklar\u0131 bulunabilir.<\/p>\n\n\n\n<ul class=\"wp-block-list\">\n<li><strong> \u00d6NEML\u0130 NOT : <\/strong>Kumar ba\u011f\u0131ml\u0131l\u0131\u011f\u0131, bireyin genel ya\u015fam kalitesini ciddi \u015fekilde etkileyebilir ve bu nedenle tedavi edilmesi \u00f6nemlidir. Profesyonel yard\u0131m, bireyin ba\u011f\u0131ml\u0131l\u0131k d\u00f6ng\u00fcs\u00fcn\u00fc k\u0131rmas\u0131na ve daha sa\u011fl\u0131kl\u0131 bir ya\u015fam tarz\u0131na y\u00f6nelmesine yard\u0131mc\u0131 olabilir. Bir ba\u011f\u0131ml\u0131l\u0131\u011f\u0131n\u0131z oldu\u011funa kanaat getirdiyseniz ve bu d\u00f6ng\u00fcden bir an \u00f6nce kurtulmak istiyorsan\u0131z, uzman doktorlar\u0131m\u0131zdan \u00fccretsiz randevu olu\u015ftura bilirsiniz.<\/li>\n<\/ul>\n<\/div><\/div>\n<\/div>\n\n\n\n<div class=\"wp-block-group is-layout-flex wp-container-core-group-is-layout-7f408244 wp-block-group-is-layout-flex\">\n<div class=\"wp-block-group wp-container-content-9cfa9a5a\"><div class=\"wp-block-group__inner-container is-layout-flow wp-block-group-is-layout-flow\"><div style=\"margin-bottom:6px;\" class=\"wp-block-site-logo\"><a href=\"https:\/\/kumarbagimliligi.net\/\" class=\"custom-logo-link\" rel=\"home\"><img loading=\"lazy\" decoding=\"async\" width=\"284\" height=\"68\" src=\"https:\/\/kumarbagimliligi.net\/wp-content\/uploads\/2025\/02\/cropped-Calisma-Yuzeyi-1.png\" class=\"custom-logo\" alt=\"Kumar Ba\u011f\u0131ml\u0131l\u0131\u011f\u0131 ile M\u00fccadele\" \/><\/a><\/div><\/div><\/div>\n<\/div>\n<\/div><\/div>\n\n\n<div class=\"wp-block-post-excerpt\"><p class=\"wp-block-post-excerpt__excerpt\"> <\/p><\/div>\n\n\n<p><\/p>\n","protected":false},"excerpt":{"rendered":"Ba\u011f\u0131ml\u0131l\u0131k D\u00f6ng\u00fcleri Kumar ba\u011f\u0131ml\u0131l\u0131\u011f\u0131n\u0131n d\u00f6ng\u00fcs\u00fc \u015fu ad\u0131mlardan olu\u015fur: 1. Heyecan ve Umut: Kumar ba\u011f\u0131ml\u0131lar\u0131 genellikle ba\u015flang\u0131\u00e7ta heyecan ve umut duygular\u0131yla oyun oynarlar. Kazanma \u015fans\u0131, heyecan verici bir atmosfer olu\u015fturur. 2. Kazanma A\u015famas\u0131: Oyuncu, ilk ba\u015far\u0131l\u0131 deneyimini ya\u015fad\u0131\u011f\u0131nda, bu durum beyinde \u00f6d\u00fcl merkezlerini etkiler. Bu a\u015famada kazan\u00e7, ki\u015fiyi daha fazla oynamaya te\u015fvik eder. 3. Kaybetme A\u015famas\u0131: Ancak, kumar\u0131n do\u011fas\u0131 gere\u011fi kaybetme&hellip;","protected":false},"author":1,"featured_media":0,"parent":0,"menu_order":0,"comment_status":"closed","ping_status":"closed","template":"","meta":{"footnotes":""},"class_list":["post-202","page","type-page","status-publish","hentry"],"_links":{"self":[{"href":"https:\/\/kumarbagimliligi.net\/index.php\/wp-json\/wp\/v2\/pages\/202","targetHints":{"allow":["GET"]}}],"collection":[{"href":"https:\/\/kumarbagimliligi.net\/index.php\/wp-json\/wp\/v2\/pages"}],"about":[{"href":"https:\/\/kumarbagimliligi.net\/index.php\/wp-json\/wp\/v2\/types\/page"}],"author":[{"embeddable":true,"href":"https:\/\/kumarbagimliligi.net\/index.php\/wp-json\/wp\/v2\/users\/1"}],"replies":[{"embeddable":true,"href":"https:\/\/kumarbagimliligi.net\/index.php\/wp-json\/wp\/v2\/comments?post=202"}],"version-history":[{"count":23,"href":"https:\/\/kumarbagimliligi.net\/index.php\/wp-json\/wp\/v2\/pages\/202\/revisions"}],"predecessor-version":[{"id":305,"href":"https:\/\/kumarbagimliligi.net\/index.php\/wp-json\/wp\/v2\/pages\/202\/revisions\/305"}],"wp:attachment":[{"href":"https:\/\/kumarbagimliligi.net\/index.php\/wp-json\/wp\/v2\/media?parent=202"}],"curies":[{"name":"wp","href":"https:\/\/api.w.org\/{rel}","templated":true}]}}